{"id":125,"date":"2024-09-30T09:56:48","date_gmt":"2024-09-30T09:56:48","guid":{"rendered":"https:\/\/cota-arqueologia.com\/?page_id=125"},"modified":"2025-05-23T07:41:20","modified_gmt":"2025-05-23T07:41:20","slug":"servicios","status":"publish","type":"page","link":"https:\/\/cota-arqueologia.com\/es_es\/servicios\/","title":{"rendered":"Servicios"},"content":{"rendered":"<p>[et_pb_section fb_built=\u00bb1&#8243; admin_label=\u00bbFeature &#8211; Image Right\u00bb _builder_version=\u00bb4.16&#8243; custom_margin=\u00bb|||\u00bb custom_padding=\u00bb101px|0px|0px|0px||\u00bb global_colors_info=\u00bb{}\u00bb][et_pb_row column_structure=\u00bb1_2,1_2&#8243; _builder_version=\u00bb4.16&#8243; width=\u00bb90%\u00bb max_width=\u00bb90%\u00bb module_alignment=\u00bbright\u00bb custom_margin=\u00bb|||\u00bb animation_style=\u00bbfade\u00bb use_custom_width=\u00bbon\u00bb width_unit=\u00bboff\u00bb custom_width_percent=\u00bb90%\u00bb global_colors_info=\u00bb{}\u00bb][et_pb_column type=\u00bb1_2&#8243; _builder_version=\u00bb4.16&#8243; custom_padding=\u00bb||140px|6%\u00bb global_colors_info=\u00bb{}\u00bb custom_padding__hover=\u00bb|||\u00bb][et_pb_text _builder_version=\u00bb4.27.4&#8243; text_font=\u00bb||||||||\u00bb text_text_color=\u00bb#f77805&#8243; header_font=\u00bb||||||||\u00bb header_2_font=\u00bbPlayfair Display|700|||||||\u00bb header_2_font_size=\u00bb38px\u00bb header_2_letter_spacing=\u00bb1px\u00bb header_2_line_height=\u00bb1.4em\u00bb header_3_font=\u00bbPoppins|700||on|||||\u00bb header_3_text_color=\u00bb#f77805&#8243; header_3_font_size=\u00bb14px\u00bb header_3_letter_spacing=\u00bb1px\u00bb header_3_line_height=\u00bb2em\u00bb max_width=\u00bb550px\u00bb global_colors_info=\u00bb{}\u00bb]<\/p>\n<h3>INFORMES ARQUEOL\u00d3GICOS PARA<\/h3>\n<h2>Estudios de Impacto Ambiental<\/h2>\n<p>[\/et_pb_text][et_pb_divider color=\u00bb#edbb5f\u00bb divider_weight=\u00bb2px\u00bb _builder_version=\u00bb4.16&#8243; max_width=\u00bb60px\u00bb module_alignment=\u00bbleft\u00bb height=\u00bb2px\u00bb global_colors_info=\u00bb{}\u00bb][\/et_pb_divider][et_pb_text _builder_version=\u00bb4.16&#8243; text_font=\u00bbPoppins||||||||\u00bb text_font_size=\u00bb16px\u00bb text_letter_spacing=\u00bb1px\u00bb text_line_height=\u00bb2em\u00bb max_width=\u00bb550px\u00bb global_colors_info=\u00bb{}\u00bb]<\/p>\n<p align=\"justify\"><span style=\"font-size: medium;\"><span lang=\"es-ES-u-co-trad\">Realizamos estudios patrimoniales para proyectos de impacto ambiental en diferentes \u00e1mbitos, como:<\/span><\/span><\/p>\n<p align=\"justify\"><span style=\"font-size: medium;\"><span lang=\"es-ES-u-co-trad\"><\/span><\/span><\/p>\n<ul>\n<ul>\n<li>\n<p align=\"justify\"><span style=\"font-size: medium;\"><span lang=\"es-ES-u-co-trad\">Fotovoltaicas.<\/span><\/span><\/p>\n<\/li>\n<li>\n<p align=\"justify\"><span style=\"font-size: medium;\"><span lang=\"es-ES-u-co-trad\">E\u00f3licos.<\/span><\/span><\/p>\n<\/li>\n<li>\n<p align=\"justify\"><span style=\"font-size: medium;\"><span lang=\"es-ES-u-co-trad\">Redes de comunicaciones, autov\u00edas, carreteras, etc.<\/span><\/span><\/p>\n<\/li>\n<li>\n<p align=\"justify\"><span style=\"font-size: medium;\"><span lang=\"es-ES-u-co-trad\">Canteras.<\/span><\/span><\/p>\n<\/li>\n<li>\n<p align=\"justify\"><span style=\"font-size: medium;\"><span lang=\"es-ES-u-co-trad\">Planes urban\u00edsticos.<\/span><\/span><\/p>\n<\/li>\n<li>\n<p align=\"justify\"><span style=\"font-size: medium;\"><span lang=\"es-ES-u-co-trad\">Transformaci\u00f3n paisaj\u00edstica, agr\u00edcola, etc.<\/span><\/span><\/p>\n<\/li>\n<\/ul>\n<\/ul>\n<p>[\/et_pb_text][\/et_pb_column][et_pb_column type=\u00bb1_2&#8243; _builder_version=\u00bb4.16&#8243; custom_padding=\u00bb|||\u00bb global_colors_info=\u00bb{}\u00bb custom_padding__hover=\u00bb|||\u00bb][et_pb_gallery gallery_ids=\u00bb840,839,838,837,836,835,834,833,832,831,830,829,828,827,826&#8243; fullwidth=\u00bbon\u00bb _builder_version=\u00bb4.27.0&#8243; _module_preset=\u00bbdefault\u00bb global_colors_info=\u00bb{}\u00bb][\/et_pb_gallery][\/et_pb_column][\/et_pb_row][\/et_pb_section][et_pb_section fb_built=\u00bb1&#8243; admin_label=\u00bbFeature &#8211; Image Left\u00bb _builder_version=\u00bb4.16&#8243; custom_margin=\u00bb|||\u00bb custom_padding=\u00bb100px|0px|100px|0px\u00bb global_colors_info=\u00bb{}\u00bb][et_pb_row column_structure=\u00bb1_2,1_2&#8243; use_custom_gutter=\u00bbon\u00bb gutter_width=\u00bb4&#8243; _builder_version=\u00bb4.16&#8243; animation_style=\u00bbfade\u00bb global_colors_info=\u00bb{}\u00bb][et_pb_column type=\u00bb1_2&#8243; _builder_version=\u00bb4.16&#8243; custom_padding=\u00bb|||\u00bb global_colors_info=\u00bb{}\u00bb custom_padding__hover=\u00bb|||\u00bb][et_pb_gallery gallery_ids=\u00bb825,824,823,822,821,820,819,818,817,816,815,814,813,812,811,810,809,808,807,806,805,804,803,802,801,800,799,798,797,796,795,794,793,792,791,790,789,788,787,786,785,784,783,782,781,780,779,778,777,776,775,774,773,772,771,770,769,768,767,766,765,764,763,762,761,760,759,758,757,756,755,754,753,752,751,750,749,748,747,746,745,744,743,742,741,740,739,738,737,736,735,734,733,732,731,730,729,728,602&#8243; fullwidth=\u00bbon\u00bb _builder_version=\u00bb4.27.0&#8243; _module_preset=\u00bbdefault\u00bb global_colors_info=\u00bb{}\u00bb][\/et_pb_gallery][\/et_pb_column][et_pb_column type=\u00bb1_2&#8243; _builder_version=\u00bb4.16&#8243; custom_padding=\u00bb5%|||\u00bb global_colors_info=\u00bb{}\u00bb custom_padding__hover=\u00bb|||\u00bb][et_pb_text _builder_version=\u00bb4.27.4&#8243; text_font=\u00bb||||||||\u00bb text_text_color=\u00bb#f77805&#8243; header_font=\u00bb||||||||\u00bb header_2_font=\u00bbPlayfair Display|700|||||||\u00bb header_2_font_size=\u00bb38px\u00bb header_2_letter_spacing=\u00bb1px\u00bb header_2_line_height=\u00bb1.4em\u00bb header_3_font=\u00bbPoppins|700||on|||||\u00bb header_3_text_color=\u00bb#f77805&#8243; header_3_font_size=\u00bb14px\u00bb header_3_letter_spacing=\u00bb1px\u00bb header_3_line_height=\u00bb2em\u00bb global_colors_info=\u00bb{}\u00bb]<\/p>\n<h3>\u00bfNecesitas un estudio arqueol\u00f3gico para conseguir la licencia de obras?<\/h3>\n<h2>OBRA CIVIL<\/h2>\n<p>[\/et_pb_text][et_pb_divider color=\u00bb#edbb5f\u00bb divider_weight=\u00bb2px\u00bb _builder_version=\u00bb4.16&#8243; max_width=\u00bb60px\u00bb module_alignment=\u00bbleft\u00bb height=\u00bb2px\u00bb global_colors_info=\u00bb{}\u00bb][\/et_pb_divider][et_pb_text _builder_version=\u00bb4.16&#8243; text_font=\u00bbPoppins||||||||\u00bb text_font_size=\u00bb16px\u00bb text_letter_spacing=\u00bb1px\u00bb text_line_height=\u00bb2em\u00bb max_width=\u00bb550px\u00bb global_colors_info=\u00bb{}\u00bb]<\/p>\n<p>Nosotros le damos soluci\u00f3n, cu\u00e9ntanos tus necesidades y te asesoramos para hacer viable tu proyecto urban\u00edstico.<\/p>\n<p>[\/et_pb_text][\/et_pb_column][\/et_pb_row][\/et_pb_section][et_pb_section fb_built=\u00bb1&#8243; admin_label=\u00bbFeature &#8211; Image Right\u00bb _builder_version=\u00bb4.16&#8243; custom_margin=\u00bb|||\u00bb custom_padding=\u00bb0px|0px|101px|0px||\u00bb global_colors_info=\u00bb{}\u00bb][et_pb_row column_structure=\u00bb1_2,1_2&#8243; _builder_version=\u00bb4.16&#8243; width=\u00bb90%\u00bb max_width=\u00bb90%\u00bb module_alignment=\u00bbright\u00bb custom_margin=\u00bb|||\u00bb animation_style=\u00bbfade\u00bb use_custom_width=\u00bbon\u00bb width_unit=\u00bboff\u00bb custom_width_percent=\u00bb90%\u00bb global_colors_info=\u00bb{}\u00bb][et_pb_column type=\u00bb1_2&#8243; _builder_version=\u00bb4.16&#8243; custom_padding=\u00bb||140px|6%\u00bb global_colors_info=\u00bb{}\u00bb custom_padding__hover=\u00bb|||\u00bb][et_pb_text _builder_version=\u00bb4.27.4&#8243; text_font=\u00bb||||||||\u00bb text_text_color=\u00bb#f77805&#8243; header_font=\u00bb||||||||\u00bb header_2_font=\u00bbPlayfair Display|700|||||||\u00bb header_2_font_size=\u00bb38px\u00bb header_2_letter_spacing=\u00bb1px\u00bb header_2_line_height=\u00bb1.4em\u00bb header_3_font=\u00bbPoppins|700||on|||||\u00bb header_3_text_color=\u00bb#f77805&#8243; header_3_font_size=\u00bb14px\u00bb header_3_letter_spacing=\u00bb1px\u00bb header_3_line_height=\u00bb2em\u00bb max_width=\u00bb550px\u00bb global_colors_info=\u00bb{}\u00bb]<\/p>\n<h3><span style=\"font-size: medium;\"><span lang=\"es-ES-u-co-trad\">Asesoramiento y redacci\u00f3n de Estudios de Patrimonio.<\/span><\/span><\/h3>\n<h2>Planes urban\u00edsticos<\/h2>\n<p>[\/et_pb_text][et_pb_divider color=\u00bb#edbb5f\u00bb divider_weight=\u00bb2px\u00bb _builder_version=\u00bb4.16&#8243; max_width=\u00bb60px\u00bb module_alignment=\u00bbleft\u00bb height=\u00bb2px\u00bb global_colors_info=\u00bb{}\u00bb][\/et_pb_divider][et_pb_text _builder_version=\u00bb4.27.0&#8243; text_font=\u00bbPoppins||||||||\u00bb text_font_size=\u00bb16px\u00bb text_letter_spacing=\u00bb1px\u00bb text_line_height=\u00bb2em\u00bb max_width=\u00bb550px\u00bb global_colors_info=\u00bb{}\u00bb]<\/p>\n<p align=\"justify\"><span style=\"font-size: medium;\"><span lang=\"es-ES-u-co-trad\">Elaboramos Cat\u00e1logos de Protecciones para Planes Generales Estructurales y Planes Urban\u00edsticos, Planes Especiales, Planes Parciales, etc.<\/span><\/span><\/p>\n<p>[\/et_pb_text][\/et_pb_column][et_pb_column type=\u00bb1_2&#8243; _builder_version=\u00bb4.16&#8243; custom_padding=\u00bb|||\u00bb global_colors_info=\u00bb{}\u00bb custom_padding__hover=\u00bb|||\u00bb][et_pb_gallery gallery_ids=\u00bb287,285,289,844,843,842,841&#8243; fullwidth=\u00bbon\u00bb _builder_version=\u00bb4.27.0&#8243; _module_preset=\u00bbdefault\u00bb global_colors_info=\u00bb{}\u00bb][\/et_pb_gallery][\/et_pb_column][\/et_pb_row][\/et_pb_section][et_pb_section fb_built=\u00bb1&#8243; admin_label=\u00bbWhat We Do\u00bb _builder_version=\u00bb4.16&#8243; background_color=\u00bb#2f2f2f\u00bb custom_margin=\u00bb|||\u00bb custom_padding=\u00bb0px|0px|100px|0px\u00bb global_colors_info=\u00bb{}\u00bb][et_pb_row column_structure=\u00bb1_2,1_2&#8243; use_custom_gutter=\u00bbon\u00bb gutter_width=\u00bb0&#8243; _builder_version=\u00bb4.16&#8243; custom_padding=\u00bb0px|0px|0px|0px\u00bb global_colors_info=\u00bb{}\u00bb][et_pb_column type=\u00bb1_2&#8243; _builder_version=\u00bb4.16&#8243; custom_padding=\u00bb|||\u00bb global_colors_info=\u00bb{}\u00bb custom_padding__hover=\u00bb|||\u00bb][et_pb_cta title=\u00bbDIVULGACI\u00d3N Y PUESTA EN VALOR\u00bb button_url=\u00bb#\u00bb _builder_version=\u00bb4.27.0&#8243; header_font=\u00bbPoppins|700||on|||||\u00bb header_font_size=\u00bb14px\u00bb header_letter_spacing=\u00bb2px\u00bb header_line_height=\u00bb2em\u00bb body_font=\u00bbPlayfair Display|700||on|||||\u00bb body_font_size=\u00bb38px\u00bb body_line_height=\u00bb1.4em\u00bb custom_button=\u00bbon\u00bb button_text_color=\u00bb#f3cd7e\u00bb button_bg_color=\u00bb#ffffff\u00bb button_border_width=\u00bb0px\u00bb button_border_radius=\u00bb0px\u00bb button_letter_spacing=\u00bb1px\u00bb button_font=\u00bbSaira Extra Condensed|600||on|||||\u00bb button_icon=\u00bb&#x24;||divi||400&#8243; custom_margin=\u00bb-100px|||\u00bb custom_padding=\u00bb60px||60px|\u00bb animation_style=\u00bbslide\u00bb animation_direction=\u00bbbottom\u00bb animation_intensity_slide=\u00bb10%\u00bb animation_starting_opacity=\u00bb100%\u00bb box_shadow_style=\u00bbpreset3&#8243; box_shadow_vertical=\u00bb15px\u00bb box_shadow_blur=\u00bb80px\u00bb box_shadow_color=\u00bbrgba(0,0,0,0.15)\u00bb button_border_radius_hover=\u00bb1px\u00bb locked=\u00bboff\u00bb global_colors_info=\u00bb{}\u00bb button_text_size__hover_enabled=\u00bboff\u00bb button_one_text_size__hover_enabled=\u00bboff\u00bb button_two_text_size__hover_enabled=\u00bboff\u00bb button_text_color__hover_enabled=\u00bboff\u00bb button_one_text_color__hover_enabled=\u00bboff\u00bb button_two_text_color__hover_enabled=\u00bboff\u00bb button_border_width__hover_enabled=\u00bboff\u00bb button_one_border_width__hover_enabled=\u00bboff\u00bb button_two_border_width__hover_enabled=\u00bboff\u00bb button_border_color__hover_enabled=\u00bboff\u00bb button_one_border_color__hover_enabled=\u00bboff\u00bb button_two_border_color__hover_enabled=\u00bboff\u00bb button_border_radius__hover_enabled=\u00bbon\u00bb button_border_radius__hover=\u00bb1px\u00bb button_one_border_radius__hover_enabled=\u00bboff\u00bb button_two_border_radius__hover_enabled=\u00bboff\u00bb button_letter_spacing__hover_enabled=\u00bboff\u00bb button_one_letter_spacing__hover_enabled=\u00bboff\u00bb button_two_letter_spacing__hover_enabled=\u00bboff\u00bb button_bg_color__hover_enabled=\u00bboff\u00bb button_one_bg_color__hover_enabled=\u00bboff\u00bb button_two_bg_color__hover_enabled=\u00bboff\u00bb]<\/p>\n<p lang=\"es-ES-u-co-trad\" class=\"western\"><span style=\"font-size: medium;\">Tambi\u00e9n nos dedicamos a la divulgaci\u00f3n del Patrimonio Cultural<\/span><\/p>\n<p>[\/et_pb_cta][\/et_pb_column][et_pb_column type=\u00bb1_2&#8243; _builder_version=\u00bb4.16&#8243; background_color_gradient_start=\u00bbrgba(255,255,255,0)\u00bb background_color_gradient_start_position=\u00bb13%\u00bb background_color_gradient_end=\u00bb#282828&#8243; background_color_gradient_end_position=\u00bb0%\u00bb custom_padding=\u00bb|||\u00bb global_colors_info=\u00bb{}\u00bb custom_padding__hover=\u00bb|||\u00bb][et_pb_text _builder_version=\u00bb4.27.4&#8243; text_font=\u00bbPoppins|600|||||||\u00bb text_font_size=\u00bb16px\u00bb text_letter_spacing=\u00bb2px\u00bb text_line_height=\u00bb2em\u00bb ul_font=\u00bb||||||||\u00bb background_color=\u00bb#3d3d3d\u00bb background_layout=\u00bbdark\u00bb width=\u00bb131%\u00bb custom_margin=\u00bb-50px|||\u00bb custom_padding=\u00bb60px|60px|80px|60px\u00bb animation_style=\u00bbslide\u00bb animation_direction=\u00bbtop\u00bb animation_duration=\u00bb1500ms\u00bb animation_intensity_slide=\u00bb10%\u00bb animation_starting_opacity=\u00bb100%\u00bb box_shadow_style=\u00bbpreset3&#8243; box_shadow_vertical=\u00bb15px\u00bb box_shadow_blur=\u00bb80px\u00bb box_shadow_color=\u00bbrgba(0,0,0,0.15)\u00bb global_colors_info=\u00bb{}\u00bb]<\/p>\n<ul>\n<li>Gesti\u00f3n del Patrimonio.<\/li>\n<li>Puesta en valor de bienes.\n<ul>\n<li>Se\u00f1al\u00e9tica<\/li>\n<li>Asesoramiento<\/li>\n<li>Promoci\u00f3n de elementos culturales<\/li>\n<\/ul>\n<\/li>\n<li>Inventario y catalogaci\u00f3n de yacimientos, bienes inmuebles y materiales arqueol\u00f3gicos.<\/li>\n<li>Redacci\u00f3n de publicaciones, gu\u00edas y cat\u00e1logos para yacimientos, museos, exposiciones, rutas, etc.<\/li>\n<\/ul>\n<p>[\/et_pb_text][\/et_pb_column][\/et_pb_row][\/et_pb_section][et_pb_section fb_built=\u00bb1&#8243; fullwidth=\u00bbon\u00bb _builder_version=\u00bb4.27.0&#8243; _module_preset=\u00bbdefault\u00bb custom_padding=\u00bb||0px|||\u00bb global_colors_info=\u00bb{}\u00bb][\/et_pb_section][et_pb_section fb_built=\u00bb1&#8243; admin_label=\u00bbContact\u00bb _builder_version=\u00bb4.27.0&#8243; background_image=\u00bbhttps:\/\/cota-arqueologia.com\/wp-content\/uploads\/2024\/09\/consutant-03.jpg\u00bb custom_margin=\u00bb3px||||false|false\u00bb custom_padding=\u00bb0px|0px|0px|0px\u00bb box_shadow_style=\u00bbpreset7&#8243; box_shadow_horizontal=\u00bb0px\u00bb box_shadow_vertical=\u00bb80px\u00bb box_shadow_color=\u00bb#ffffff\u00bb global_colors_info=\u00bb{}\u00bb][et_pb_row custom_padding_last_edited=\u00bbon|phone\u00bb _builder_version=\u00bb4.27.0&#8243; background_color=\u00bb#ffffff\u00bb custom_margin=\u00bb|||\u00bb custom_padding=\u00bb60px|60px|60px|60px\u00bb custom_padding_tablet=\u00bb\u00bb custom_padding_phone=\u00bb|40px||40px\u00bb animation_style=\u00bbslide\u00bb animation_direction=\u00bbbottom\u00bb animation_duration=\u00bb1500ms\u00bb animation_delay=\u00bb200ms\u00bb animation_intensity_slide=\u00bb10%\u00bb animation_starting_opacity=\u00bb100%\u00bb box_shadow_style=\u00bbpreset3&#8243; box_shadow_vertical=\u00bb15px\u00bb box_shadow_blur=\u00bb80px\u00bb box_shadow_color=\u00bbrgba(0,0,0,0.2)\u00bb global_colors_info=\u00bb{}\u00bb][et_pb_column type=\u00bb4_4&#8243; _builder_version=\u00bb4.16&#8243; custom_padding=\u00bb|||\u00bb global_colors_info=\u00bb{}\u00bb custom_padding__hover=\u00bb|||\u00bb][et_pb_text _builder_version=\u00bb4.16&#8243; text_font=\u00bb|||on|||||\u00bb header_font=\u00bb||||||||\u00bb header_2_font=\u00bbPlayfair Display|700|||||||\u00bb header_2_font_size=\u00bb38px\u00bb header_2_letter_spacing=\u00bb1px\u00bb header_2_line_height=\u00bb1.4em\u00bb header_3_font=\u00bbPoppins|700||on|||||\u00bb header_3_text_color=\u00bb#edbb5f\u00bb header_3_font_size=\u00bb14px\u00bb header_3_letter_spacing=\u00bb1px\u00bb header_3_line_height=\u00bb2em\u00bb text_orientation=\u00bbcenter\u00bb max_width=\u00bb550px\u00bb module_alignment=\u00bbcenter\u00bb locked=\u00bboff\u00bb global_colors_info=\u00bb{}\u00bb]<\/p>\n<h2>CONTACTA CON NOSOTROS<\/h2>\n<p>[\/et_pb_text][et_pb_text _builder_version=\u00bb4.27.0&#8243; text_font=\u00bbPoppins|600||on|||||\u00bb text_font_size=\u00bb16px\u00bb text_letter_spacing=\u00bb2px\u00bb text_line_height=\u00bb2em\u00bb ul_font=\u00bb||||||||\u00bb background_color=\u00bb#3d3d3d\u00bb text_orientation=\u00bbcenter\u00bb background_layout=\u00bbdark\u00bb custom_margin=\u00bb|||\u00bb custom_padding=\u00bb60px|40px|60px|40px\u00bb custom_padding_last_edited=\u00bboff|desktop\u00bb animation_style=\u00bbflip\u00bb animation_delay=\u00bb200ms\u00bb border_color_all=\u00bb#f77805&#8243; border_width_top=\u00bb8px\u00bb locked=\u00bboff\u00bb global_colors_info=\u00bb{}\u00bb]<\/p>\n<p>Tel\u00e9fono: 613 538 469<br \/>cota.arqueologia@gmail.com<\/p>\n<p>[\/et_pb_text][\/et_pb_column][\/et_pb_row][\/et_pb_section]<\/p>\n","protected":false},"excerpt":{"rendered":"<p>INFORMES ARQUEOL\u00d3GICOS PARA Estudios de Impacto AmbientalRealizamos estudios patrimoniales para proyectos de impacto ambiental en diferentes \u00e1mbitos, como: Fotovoltaicas. E\u00f3licos. Redes de comunicaciones, autov\u00edas, carreteras, etc. Canteras. Planes urban\u00edsticos. Transformaci\u00f3n paisaj\u00edstica, agr\u00edcola, etc. \u00bfNecesitas un estudio arqueol\u00f3gico para conseguir la licencia de obras? OBRA CIVILNosotros le damos soluci\u00f3n, cu\u00e9ntanos tus necesidades y te asesoramos para [&hellip;]<\/p>\n","protected":false},"author":1,"featured_media":0,"parent":0,"menu_order":0,"comment_status":"closed","ping_status":"closed","template":"","meta":{"_et_pb_use_builder":"on","_et_pb_old_content":"","_et_gb_content_width":"","footnotes":""},"class_list":["post-125","page","type-page","status-publish","hentry"],"_links":{"self":[{"href":"https:\/\/cota-arqueologia.com\/es_es\/wp-json\/wp\/v2\/pages\/125","targetHints":{"allow":["GET"]}}],"collection":[{"href":"https:\/\/cota-arqueologia.com\/es_es\/wp-json\/wp\/v2\/pages"}],"about":[{"href":"https:\/\/cota-arqueologia.com\/es_es\/wp-json\/wp\/v2\/types\/page"}],"author":[{"embeddable":true,"href":"https:\/\/cota-arqueologia.com\/es_es\/wp-json\/wp\/v2\/users\/1"}],"replies":[{"embeddable":true,"href":"https:\/\/cota-arqueologia.com\/es_es\/wp-json\/wp\/v2\/comments?post=125"}],"version-history":[{"count":26,"href":"https:\/\/cota-arqueologia.com\/es_es\/wp-json\/wp\/v2\/pages\/125\/revisions"}],"predecessor-version":[{"id":888,"href":"https:\/\/cota-arqueologia.com\/es_es\/wp-json\/wp\/v2\/pages\/125\/revisions\/888"}],"wp:attachment":[{"href":"https:\/\/cota-arqueologia.com\/es_es\/wp-json\/wp\/v2\/media?parent=125"}],"curies":[{"name":"wp","href":"https:\/\/api.w.org\/{rel}","templated":true}]}}