{"id":86,"date":"2024-09-23T09:34:10","date_gmt":"2024-09-23T09:34:10","guid":{"rendered":"https:\/\/cota-arqueologia.com\/?page_id=86"},"modified":"2024-09-30T08:45:33","modified_gmt":"2024-09-30T08:45:33","slug":"aviso-legal","status":"publish","type":"page","link":"https:\/\/cota-arqueologia.com\/va\/aviso-legal\/","title":{"rendered":"Aviso legal"},"content":{"rendered":"<h3 class=\"wp-block-heading\">1. Datos Identificativos<\/h3>\n\n\n\n<p>En cumplimiento con el deber de informaci\u00f3n establecido en el art\u00edculo 10 de la Ley 34\/2002, de 11 de julio, de Servicios de la Sociedad de la Informaci\u00f3n y de Comercio Electr\u00f3nico (LSSI-CE), se proporcionan a continuaci\u00f3n los datos identificativos del titular del sitio web:<\/p>\n\n\n\n<ul class=\"wp-block-list\">\n<li><strong>Titular<\/strong>: In\u00e9s Blay<\/li>\n\n\n\n<li><strong>CIF\/NIF<\/strong>: 44850543Z<\/li>\n\n\n\n<li><strong>Domicilio Social<\/strong>: Calle Santa Teresa 36-2, Rafelbunyol, Valencia. (Espa\u00f1a)<\/li>\n\n\n\n<li><strong>Correo Electr\u00f3nico<\/strong>: inesblay@gmail.com<\/li>\n\n\n\n<li><strong>Tel\u00e9fono<\/strong>: 613 538 469<\/li>\n\n\n\n<li><strong>Dominio Web<\/strong>: www.cota-arqueologia.com<\/li>\n<\/ul>\n\n\n\n<h3 class=\"wp-block-heading\">2. Objeto<\/h3>\n\n\n\n<p>El presente aviso legal regula el acceso y uso del sitio web www.cota-arqueologia.com (en adelante, \u00abel sitio web\u00bb). La navegaci\u00f3n por el sitio web otorga la condici\u00f3n de usuario del mismo e implica la aceptaci\u00f3n plena y sin reservas de todas las disposiciones incluidas en este Aviso Legal, que pueden sufrir modificaciones.<\/p>\n\n\n\n<h3 class=\"wp-block-heading\">3. Propiedad Intelectual e Industrial<\/h3>\n\n\n\n<p>Todos los contenidos del sitio web (incluyendo, entre otros, textos, im\u00e1genes, gr\u00e1ficos, archivos de sonido y video, dise\u00f1o gr\u00e1fico, c\u00f3digo fuente, logos, marcas, nombres comerciales o cualquier otro signo susceptible de utilizaci\u00f3n industrial y comercial) son propiedad del titular del sitio web o de terceros que han autorizado su uso. Queda prohibida la reproducci\u00f3n, distribuci\u00f3n, transformaci\u00f3n o explotaci\u00f3n, en cualquier forma, de dichos contenidos sin el consentimiento previo y por escrito del titular.<\/p>\n\n\n\n<h3 class=\"wp-block-heading\">4. Protecci\u00f3n de Datos<\/h3>\n\n\n\n<p>De conformidad con lo dispuesto en el Reglamento General de Protecci\u00f3n de Datos (RGPD), el titular del sitio web se compromete a proteger los datos personales de los usuarios. La pol\u00edtica de privacidad espec\u00edfica del sitio web est\u00e1 disponible en [enlace a la Pol\u00edtica de Privacidad], donde se detalla el uso de los datos personales recabados.<\/p>\n\n\n\n<p>Los usuarios pueden ejercer sus derechos de acceso, rectificaci\u00f3n, cancelaci\u00f3n y oposici\u00f3n (ARCO) a trav\u00e9s del correo electr\u00f3nico facilitado o por escrito al domicilio social indicado.<\/p>\n\n\n\n<h3 class=\"wp-block-heading\">5. Uso del Sitio Web<\/h3>\n\n\n\n<p>El usuario se compromete a hacer un uso adecuado de los contenidos y servicios que el titular ofrece en el sitio web, absteni\u00e9ndose de emplearlos para (i) incurrir en actividades il\u00edcitas, ilegales o contrarias a la buena fe y el orden p\u00fablico; (ii) difundir contenidos o propaganda de car\u00e1cter racista, xen\u00f3fobo, pornogr\u00e1fico, ilegal, de apolog\u00eda del terrorismo o atentatorio contra los derechos humanos.<\/p>\n\n\n\n<h3 class=\"wp-block-heading\">6. Exclusi\u00f3n de Garant\u00edas y Responsabilidad<\/h3>\n\n\n\n<p>El titular del sitio web no se hace responsable, en ning\u00fan caso, de los da\u00f1os y perjuicios de cualquier naturaleza que pudieran ocasionarse, a t\u00edtulo enunciativo: errores u omisiones en los contenidos, falta de disponibilidad del sitio web o la transmisi\u00f3n de virus o programas maliciosos o lesivos en los contenidos, a pesar de haber adoptado todas las medidas tecnol\u00f3gicas necesarias para evitarlo.<\/p>\n\n\n\n<h3 class=\"wp-block-heading\">7. Modificaciones<\/h3>\n\n\n\n<p>El titular del sitio web se reserva el derecho a efectuar, sin previo aviso, las modificaciones que considere oportunas en el sitio web, pudiendo cambiar, suprimir o a\u00f1adir tanto los contenidos y servicios que se presten a trav\u00e9s del mismo como la forma en la que \u00e9stos aparezcan presentados.<\/p>\n\n\n\n<h3 class=\"wp-block-heading\">8. Enlaces<\/h3>\n\n\n\n<p>En el caso de que en www.cota-arqueologia.com se dispusieran enlaces o hiperv\u00ednculos hacia otros sitios de Internet, el titular no ejercer\u00e1 ning\u00fan tipo de control sobre dichos sitios y contenidos. En ning\u00fan caso asumir\u00e1 responsabilidad alguna por los contenidos de alg\u00fan enlace perteneciente a un sitio web ajeno.<\/p>\n\n\n\n<h3 class=\"wp-block-heading\">9. Legislaci\u00f3n Aplicable y Jurisdicci\u00f3n<\/h3>\n\n\n\n<p>La relaci\u00f3n entre el titular del sitio web y el usuario se regir\u00e1 por la normativa espa\u00f1ola vigente y cualquier controversia se someter\u00e1 a los Juzgados y Tribunales de la ciudad correspondiente al domicilio del titular.<\/p>","protected":false},"excerpt":{"rendered":"<p>1. Datos Identificativos En cumplimiento con el deber de informaci\u00f3n establecido en el art\u00edculo 10 de la Ley 34\/2002, de 11 de julio, de Servicios de la Sociedad de la Informaci\u00f3n y de Comercio Electr\u00f3nico (LSSI-CE), se proporcionan a continuaci\u00f3n los datos identificativos del titular del sitio web: 2. Objeto El presente aviso legal regula [&hellip;]<\/p>","protected":false},"author":1,"featured_media":0,"parent":0,"menu_order":0,"comment_status":"closed","ping_status":"closed","template":"","meta":{"_et_pb_use_builder":"off","_et_pb_old_content":"","_et_gb_content_width":"","footnotes":""},"class_list":["post-86","page","type-page","status-publish","hentry"],"_links":{"self":[{"href":"https:\/\/cota-arqueologia.com\/va\/wp-json\/wp\/v2\/pages\/86","targetHints":{"allow":["GET"]}}],"collection":[{"href":"https:\/\/cota-arqueologia.com\/va\/wp-json\/wp\/v2\/pages"}],"about":[{"href":"https:\/\/cota-arqueologia.com\/va\/wp-json\/wp\/v2\/types\/page"}],"author":[{"embeddable":true,"href":"https:\/\/cota-arqueologia.com\/va\/wp-json\/wp\/v2\/users\/1"}],"replies":[{"embeddable":true,"href":"https:\/\/cota-arqueologia.com\/va\/wp-json\/wp\/v2\/comments?post=86"}],"version-history":[{"count":5,"href":"https:\/\/cota-arqueologia.com\/va\/wp-json\/wp\/v2\/pages\/86\/revisions"}],"predecessor-version":[{"id":103,"href":"https:\/\/cota-arqueologia.com\/va\/wp-json\/wp\/v2\/pages\/86\/revisions\/103"}],"wp:attachment":[{"href":"https:\/\/cota-arqueologia.com\/va\/wp-json\/wp\/v2\/media?parent=86"}],"curies":[{"name":"wp","href":"https:\/\/api.w.org\/{rel}","templated":true}]}}